{"id":37,"date":"2022-07-25T14:41:14","date_gmt":"2022-07-25T17:41:14","guid":{"rendered":"https:\/\/cronometa.com.br\/novo\/?page_id=37"},"modified":"2022-07-27T16:51:01","modified_gmt":"2022-07-27T19:51:01","slug":"resultados","status":"publish","type":"page","link":"https:\/\/cronometa.com.br\/novo\/resultados\/","title":{"rendered":"Resultados"},"content":{"rendered":"\t\t<div data-elementor-type=\"wp-page\" data-elementor-id=\"37\" class=\"elementor elementor-37\">\n\t\t\t\t\t\t\t\t\t<section class=\"elementor-section elementor-top-section elementor-element elementor-element-cd0b38b elementor-section-boxed elementor-section-height-default elementor-section-height-default\" data-id=\"cd0b38b\" data-element_type=\"section\">\n\t\t\t\t\t\t<div class=\"elementor-container elementor-column-gap-default\">\n\t\t\t\t\t<div class=\"elementor-column elementor-col-100 elementor-top-column elementor-element elementor-element-488c71d\" data-id=\"488c71d\" data-element_type=\"column\">\n\t\t\t<div class=\"elementor-widget-wrap elementor-element-populated\">\n\t\t\t\t\t\t\t\t<div class=\"elementor-element elementor-element-a6f5a37 elementor-widget elementor-widget-text-editor\" data-id=\"a6f5a37\" data-element_type=\"widget\" data-widget_type=\"text-editor.default\">\n\t\t\t\t<div class=\"elementor-widget-container\">\n\t\t\t<style>\/*! elementor - v3.7.8 - 02-10-2022 *\/\n.elementor-widget-text-editor.elementor-drop-cap-view-stacked .elementor-drop-cap{background-color:#818a91;color:#fff}.elementor-widget-text-editor.elementor-drop-cap-view-framed .elementor-drop-cap{color:#818a91;border:3px solid;background-color:transparent}.elementor-widget-text-editor:not(.elementor-drop-cap-view-default) .elementor-drop-cap{margin-top:8px}.elementor-widget-text-editor:not(.elementor-drop-cap-view-default) .elementor-drop-cap-letter{width:1em;height:1em}.elementor-widget-text-editor .elementor-drop-cap{float:left;text-align:center;line-height:1;font-size:50px}.elementor-widget-text-editor .elementor-drop-cap-letter{display:inline-block}<\/style>\t\t\t\t<div class=\"em em-view-container\" id=\"em-view-1881668981\" data-view=\"list\">\n\t<div class=\"em-list em-events-list em pixelbones em-list em-events-list\" id=\"em-events-list-1881668981\" data-view-id=\"1881668981\">\n\t<div class=\"cr-event cr-item\" style=\"--default-border:#FFFFFF;\">\r\n\t<div class=\"cr-item-image \">\r\n\t\t\r\n\t\t<img src='https:\/\/cronometa.com.br\/novo\/wp-content\/uploads\/2025\/03\/Abertura-Inscricoes-Ma-dos-Remedios.jpg' alt='6\u00aa Corrida Maria dos Rem\u00e9dios'\/>\r\n\t\t\r\n\t\t\r\n\t<\/div>\r\n\t<div class=\"cr-item-info\">\r\n\t\t<h3 class=\"cr-item-title\"><a href=\"https:\/\/cronometa.com.br\/novo\/events\/6a-corrida-maria-dos-remedios\/\">6\u00aa Corrida Maria dos Rem\u00e9dios<\/a><\/h3>\r\n\t\t<div class=\"cr-event-meta cr-item-meta\">\r\n\t\t\t<div class=\"cr-item-meta-line cr-event-date cr-event-meta-datetime\">\r\n\t\t\t\t<span class=\"cr-icon-calendar cr-icon\"><\/span>\r\n\t\t\t\t1 de maio de 2025\r\n\t\t\t<\/div>\r\n\t\t\t<!--div class=\"cr-item-meta-line cr-event-time cr-event-meta-datetime\">\r\n\t\t\t\t<span class=\"cr-icon-clock cr-icon\"><\/span>\r\n\t\t\t\t07:30 - 09:45\r\n\t\t\t<\/div-->\r\n\t\t\t\r\n\t\t\t\r\n\t\t\t\r\n\t\t\t\r\n\t\t\t<div class=\"cr-item-meta-line cr-item-taxonomy cr-event-categories\">\r\n\t\t\t\t<span class=\"cr-icon-tag cr-icon\"><\/span>\r\n\t\t\t\t\t<ul class=\"event-categories\">\n\t\t\t\t\t<li><a href=\"https:\/\/cronometa.com.br\/novo\/events\/categories\/corrida-de-rua\/\">Corrida de rua<\/a><\/li>\n\t\t\t<\/ul>\n\t\r\n\t\t\t<\/div>\r\n\t\t\t\r\n\t\t\t\r\n\t\t<\/div>\r\n\t\t<div class=\"cr-item-desc\">\r\n\t\t\t6\u00aa Corrida Maria dos Rem\u00e9dios Regulamento do evento: &nbsp; Ser\u00e1 realizada no dia\u00a001 de maio de 2025\u00a0(quinta feira), com\u00a0largada e chegada no Ilha Porchat Clube, [&#8230;]\r\n\t\t<\/div>\r\n\t\t<div class=\"cr-item-actions input\">\r\n\t\t\t<a class=\"cr-item-read-more button\" href=\"https:\/\/cronometa.com.br\/novo\/events\/6a-corrida-maria-dos-remedios\/\">Mais Informa\u00e7\u00f5es<\/a>\r\n\t\t\t\r\n\t\t<\/div>\r\n\t<\/div>\r\n<\/div><div class=\"cr-event cr-item\" style=\"--default-border:#FFFFFF;\">\r\n\t<div class=\"cr-item-image \">\r\n\t\t\r\n\t\t<img src='https:\/\/cronometa.com.br\/novo\/wp-content\/uploads\/2025\/03\/Cartaz-2a-corrida-concientizacao-do-Autismo-2.jpeg' alt='2\u00aa Corrida e Caminhada de Conscientiza\u00e7\u00e3o do Autismo'\/>\r\n\t\t\r\n\t\t\r\n\t<\/div>\r\n\t<div class=\"cr-item-info\">\r\n\t\t<h3 class=\"cr-item-title\"><a href=\"https:\/\/cronometa.com.br\/novo\/events\/2a-corrida-e-caminhada-de-conscientizacao-do-autismo\/\">2\u00aa Corrida e Caminhada de Conscientiza\u00e7\u00e3o do Autismo<\/a><\/h3>\r\n\t\t<div class=\"cr-event-meta cr-item-meta\">\r\n\t\t\t<div class=\"cr-item-meta-line cr-event-date cr-event-meta-datetime\">\r\n\t\t\t\t<span class=\"cr-icon-calendar cr-icon\"><\/span>\r\n\t\t\t\t6 de abril de 2025\r\n\t\t\t<\/div>\r\n\t\t\t<!--div class=\"cr-item-meta-line cr-event-time cr-event-meta-datetime\">\r\n\t\t\t\t<span class=\"cr-icon-clock cr-icon\"><\/span>\r\n\t\t\t\t07:30 - 09:30\r\n\t\t\t<\/div-->\r\n\t\t\t\r\n\t\t\t\r\n\t\t\t\r\n\t\t\t\r\n\t\t\t<div class=\"cr-item-meta-line cr-item-taxonomy cr-event-categories\">\r\n\t\t\t\t<span class=\"cr-icon-tag cr-icon\"><\/span>\r\n\t\t\t\t\t<ul class=\"event-categories\">\n\t\t\t\t\t<li><a href=\"https:\/\/cronometa.com.br\/novo\/events\/categories\/corrida-de-rua\/\">Corrida de rua<\/a><\/li>\n\t\t\t<\/ul>\n\t\r\n\t\t\t<\/div>\r\n\t\t\t\r\n\t\t\t\r\n\t\t<\/div>\r\n\t\t<div class=\"cr-item-desc\">\r\n\t\t\t2\u00aa CORRIDA E CAMINHADA DE CONSCIENTIZA\u00c7\u00c3O DO AUTISMO &#8211; PEDRO DE TOLEDO &#8211; SP &nbsp; LARGADA: 07H30 LOCAL: FRENTE PREFEITURA MUNICIPAL DE PEDRO DE TOLEDO [&#8230;]\r\n\t\t<\/div>\r\n\t\t<div class=\"cr-item-actions input\">\r\n\t\t\t<a class=\"cr-item-read-more button\" href=\"https:\/\/cronometa.com.br\/novo\/events\/2a-corrida-e-caminhada-de-conscientizacao-do-autismo\/\">Mais Informa\u00e7\u00f5es<\/a>\r\n\t\t\t\r\n\t\t<\/div>\r\n\t<\/div>\r\n<\/div><div class=\"cr-event cr-item\" style=\"--default-border:#ffffff;\">\r\n\t<div class=\"cr-item-image \">\r\n\t\t\r\n\t\t<img src='https:\/\/cronometa.com.br\/novo\/wp-content\/uploads\/2024\/09\/Logo-End-Polio-08.12.24.jpg' alt='END POLIO RUN CORRIDA R\u00daSTICA - Circuito Pedro de Toledo'\/>\r\n\t\t\r\n\t\t\r\n\t<\/div>\r\n\t<div class=\"cr-item-info\">\r\n\t\t<h3 class=\"cr-item-title\"><a href=\"https:\/\/cronometa.com.br\/novo\/events\/end-polio-run-corrida-rustica-circuito-pedro-de-toledo\/\">END POLIO RUN CORRIDA R\u00daSTICA &#8211; Circuito Pedro de Toledo<\/a><\/h3>\r\n\t\t<div class=\"cr-event-meta cr-item-meta\">\r\n\t\t\t<div class=\"cr-item-meta-line cr-event-date cr-event-meta-datetime\">\r\n\t\t\t\t<span class=\"cr-icon-calendar cr-icon\"><\/span>\r\n\t\t\t\t8 de dezembro de 2024\r\n\t\t\t<\/div>\r\n\t\t\t<!--div class=\"cr-item-meta-line cr-event-time cr-event-meta-datetime\">\r\n\t\t\t\t<span class=\"cr-icon-clock cr-icon\"><\/span>\r\n\t\t\t\t00:00\r\n\t\t\t<\/div-->\r\n\t\t\t\r\n\t\t\t\r\n\t\t\t\r\n\t\t\t\r\n\t\t\t\r\n\t\t<\/div>\r\n\t\t<div class=\"cr-item-desc\">\r\n\t\t\tA End Polio Run, \u00e9 um evento destinado ao p\u00fablico em geral, a partir dos 16 anos de idade, o evento ser\u00e1 realizado no dia [&#8230;]\r\n\t\t<\/div>\r\n\t\t<div class=\"cr-item-actions input\">\r\n\t\t\t<a class=\"cr-item-read-more button\" href=\"https:\/\/cronometa.com.br\/novo\/events\/end-polio-run-corrida-rustica-circuito-pedro-de-toledo\/\">Mais Informa\u00e7\u00f5es<\/a>\r\n\t\t\t\r\n\t\t<\/div>\r\n\t<\/div>\r\n<\/div><div class=\"cr-event cr-item\" style=\"--default-border:#FFFFFF;\">\r\n\t<div class=\"cr-item-image \">\r\n\t\t\r\n\t\t<img src='https:\/\/cronometa.com.br\/novo\/wp-content\/uploads\/2024\/10\/Logo-2024-8o-Treinao-Proj.Badao_.jpg' alt='8\u00ba Trein\u00e3o Projeto Bad\u00e3o 2024'\/>\r\n\t\t\r\n\t\t\r\n\t<\/div>\r\n\t<div class=\"cr-item-info\">\r\n\t\t<h3 class=\"cr-item-title\"><a href=\"https:\/\/cronometa.com.br\/novo\/events\/8o-treinao-projeto-badao-2024\/\">8\u00ba Trein\u00e3o Projeto Bad\u00e3o 2024<\/a><\/h3>\r\n\t\t<div class=\"cr-event-meta cr-item-meta\">\r\n\t\t\t<div class=\"cr-item-meta-line cr-event-date cr-event-meta-datetime\">\r\n\t\t\t\t<span class=\"cr-icon-calendar cr-icon\"><\/span>\r\n\t\t\t\t8 de dezembro de 2024\r\n\t\t\t<\/div>\r\n\t\t\t<!--div class=\"cr-item-meta-line cr-event-time cr-event-meta-datetime\">\r\n\t\t\t\t<span class=\"cr-icon-clock cr-icon\"><\/span>\r\n\t\t\t\t06:00 - 10:30\r\n\t\t\t<\/div-->\r\n\t\t\t\r\n\t\t\t\r\n\t\t\t\r\n\t\t\t\r\n\t\t\t<div class=\"cr-item-meta-line cr-item-taxonomy cr-event-categories\">\r\n\t\t\t\t<span class=\"cr-icon-tag cr-icon\"><\/span>\r\n\t\t\t\t\t<ul class=\"event-categories\">\n\t\t\t\t\t<li><a href=\"https:\/\/cronometa.com.br\/novo\/events\/categories\/corrida-de-rua\/\">Corrida de rua<\/a><\/li>\n\t\t\t<\/ul>\n\t\r\n\t\t\t<\/div>\r\n\t\t\t\r\n\t\t\t\r\n\t\t<\/div>\r\n\t\t<div class=\"cr-item-desc\">\r\n\t\t\t8\u00ba Trein\u00e3o 2024 Confraterniza\u00e7\u00e3o \u201cCorredores do Jardim Bot\u00e2nico\u201d (PROJETO BAD\u00c3O) \u00a0 Regulamento \u00a0 1.A Corrida Trein\u00e3o tem por finalidade a confraterniza\u00e7\u00e3o entre os atletas da [&#8230;]\r\n\t\t<\/div>\r\n\t\t<div class=\"cr-item-actions input\">\r\n\t\t\t<a class=\"cr-item-read-more button\" href=\"https:\/\/cronometa.com.br\/novo\/events\/8o-treinao-projeto-badao-2024\/\">Mais Informa\u00e7\u00f5es<\/a>\r\n\t\t\t\r\n\t\t<\/div>\r\n\t<\/div>\r\n<\/div><div class=\"cr-event cr-item\" style=\"--default-border:#FFFFFF;\">\r\n\t<div class=\"cr-item-image \">\r\n\t\t\r\n\t\t<img src='https:\/\/cronometa.com.br\/novo\/wp-content\/uploads\/2024\/05\/Logo.jpg' alt='Corrida de Rua Jacupiranga Fazendo Campe\u00f5es - Etapa Ailton Thomas'\/>\r\n\t\t\r\n\t\t\r\n\t<\/div>\r\n\t<div class=\"cr-item-info\">\r\n\t\t<h3 class=\"cr-item-title\"><a href=\"https:\/\/cronometa.com.br\/novo\/events\/corrida-de-rua-jacupiranga-fazendo-campeoes-etapa-ailton-thomas\/\">Corrida de Rua Jacupiranga Fazendo Campe\u00f5es &#8211; Etapa Ailton Thomas<\/a><\/h3>\r\n\t\t<div class=\"cr-event-meta cr-item-meta\">\r\n\t\t\t<div class=\"cr-item-meta-line cr-event-date cr-event-meta-datetime\">\r\n\t\t\t\t<span class=\"cr-icon-calendar cr-icon\"><\/span>\r\n\t\t\t\t27 de outubro de 2024\r\n\t\t\t<\/div>\r\n\t\t\t<!--div class=\"cr-item-meta-line cr-event-time cr-event-meta-datetime\">\r\n\t\t\t\t<span class=\"cr-icon-clock cr-icon\"><\/span>\r\n\t\t\t\t08:00 - 10:00\r\n\t\t\t<\/div-->\r\n\t\t\t\r\n\t\t\t\r\n\t\t\t\r\n\t\t\t\r\n\t\t\t<div class=\"cr-item-meta-line cr-item-taxonomy cr-event-categories\">\r\n\t\t\t\t<span class=\"cr-icon-tag cr-icon\"><\/span>\r\n\t\t\t\t\t<ul class=\"event-categories\">\n\t\t\t\t\t<li><a href=\"https:\/\/cronometa.com.br\/novo\/events\/categories\/corrida-de-rua\/\">Corrida de rua<\/a><\/li>\n\t\t\t<\/ul>\n\t\r\n\t\t\t<\/div>\r\n\t\t\t\r\n\t\t\t\r\n\t\t<\/div>\r\n\t\t<div class=\"cr-item-desc\">\r\n\t\t\tCorrida de Rua Jacupiranga Fazendo Campe\u00f5es etapa Ailton Thomas Ser\u00e1 realizada no \u201cDomingo\u201d dia\u00a0 27 de outubro, a largada ser\u00e1 pontual \u00e0s 8 horas da [&#8230;]\r\n\t\t<\/div>\r\n\t\t<div class=\"cr-item-actions input\">\r\n\t\t\t<a class=\"cr-item-read-more button\" href=\"https:\/\/cronometa.com.br\/novo\/events\/corrida-de-rua-jacupiranga-fazendo-campeoes-etapa-ailton-thomas\/\">Mais Informa\u00e7\u00f5es<\/a>\r\n\t\t\t\r\n\t\t<\/div>\r\n\t<\/div>\r\n<\/div><div class=\"cr-event cr-item\" style=\"--default-border:#ffffff;\">\r\n\t<div class=\"cr-item-image \">\r\n\t\t\r\n\t\t<img src='https:\/\/cronometa.com.br\/novo\/wp-content\/uploads\/2024\/09\/Cartaz-Corrida-OAB-SV-26.10.24.jpeg' alt='3\u00aa Corrida e Caminhada Outubro Rosa OAB S\u00e3o Vicente'\/>\r\n\t\t\r\n\t\t\r\n\t<\/div>\r\n\t<div class=\"cr-item-info\">\r\n\t\t<h3 class=\"cr-item-title\"><a href=\"https:\/\/cronometa.com.br\/novo\/events\/3a-corrida-e-caminhada-outubro-rosa-oab-sao-vicente\/\">3\u00aa Corrida e Caminhada Outubro Rosa OAB S\u00e3o Vicente<\/a><\/h3>\r\n\t\t<div class=\"cr-event-meta cr-item-meta\">\r\n\t\t\t<div class=\"cr-item-meta-line cr-event-date cr-event-meta-datetime\">\r\n\t\t\t\t<span class=\"cr-icon-calendar cr-icon\"><\/span>\r\n\t\t\t\t26 de outubro de 2024\r\n\t\t\t<\/div>\r\n\t\t\t<!--div class=\"cr-item-meta-line cr-event-time cr-event-meta-datetime\">\r\n\t\t\t\t<span class=\"cr-icon-clock cr-icon\"><\/span>\r\n\t\t\t\t06:00 - 08:30\r\n\t\t\t<\/div-->\r\n\t\t\t\r\n\t\t\t\r\n\t\t\t\r\n\t\t\t\r\n\t\t\t\r\n\t\t<\/div>\r\n\t\t<div class=\"cr-item-desc\">\r\n\t\t\t3\u00aa Corrida e Caminhada Outubro Rosa OAB S\u00e3o Vicente ?\u200d\u2640??\u200d\u2642 A OAB S\u00e3o Vicente em alus\u00e3o ao Outubro Rosa est\u00e1 promovendo sua 3\u00aa corrida e [&#8230;]\r\n\t\t<\/div>\r\n\t\t<div class=\"cr-item-actions input\">\r\n\t\t\t<a class=\"cr-item-read-more button\" href=\"https:\/\/cronometa.com.br\/novo\/events\/3a-corrida-e-caminhada-outubro-rosa-oab-sao-vicente\/\">Mais Informa\u00e7\u00f5es<\/a>\r\n\t\t\t\r\n\t\t<\/div>\r\n\t<\/div>\r\n<\/div><div class=\"cr-event cr-item\" style=\"--default-border:#FFFFFF;\">\r\n\t<div class=\"cr-item-image \">\r\n\t\t\r\n\t\t<img src='https:\/\/cronometa.com.br\/novo\/wp-content\/uploads\/2024\/08\/Jose-Joao-da-Silva.jpeg' alt='01\/09\/2024 - 5\u00aa Corrida e Caminhada Rustica de Juqui\u00e1 2024'\/>\r\n\t\t\r\n\t\t\r\n\t<\/div>\r\n\t<div class=\"cr-item-info\">\r\n\t\t<h3 class=\"cr-item-title\"><a href=\"https:\/\/cronometa.com.br\/novo\/events\/01-09-2024-5a-corrida-e-caminhada-rustica-de-juquia-2024\/\">01\/09\/2024 &#8211; 5\u00aa Corrida e Caminhada Rustica de Juqui\u00e1 2024<\/a><\/h3>\r\n\t\t<div class=\"cr-event-meta cr-item-meta\">\r\n\t\t\t<div class=\"cr-item-meta-line cr-event-date cr-event-meta-datetime\">\r\n\t\t\t\t<span class=\"cr-icon-calendar cr-icon\"><\/span>\r\n\t\t\t\t1 de setembro de 2024\r\n\t\t\t<\/div>\r\n\t\t\t<!--div class=\"cr-item-meta-line cr-event-time cr-event-meta-datetime\">\r\n\t\t\t\t<span class=\"cr-icon-clock cr-icon\"><\/span>\r\n\t\t\t\t08:30 - 10:00\r\n\t\t\t<\/div-->\r\n\t\t\t\r\n\t\t\t\r\n\t\t\t\r\n\t\t\t\r\n\t\t\t<div class=\"cr-item-meta-line cr-item-taxonomy cr-event-categories\">\r\n\t\t\t\t<span class=\"cr-icon-tag cr-icon\"><\/span>\r\n\t\t\t\t\t<ul class=\"event-categories\">\n\t\t\t\t\t<li><a href=\"https:\/\/cronometa.com.br\/novo\/events\/categories\/corrida-de-rua\/\">Corrida de rua<\/a><\/li>\n\t\t\t<\/ul>\n\t\r\n\t\t\t<\/div>\r\n\t\t\t\r\n\t\t\t\r\n\t\t<\/div>\r\n\t\t<div class=\"cr-item-desc\">\r\n\t\t\t01 de SETEMBRO de 2024, no Centro de Eventos de Juqui\u00e1 &#8211; SP. A largada e Chegada ser\u00e1 realizada no Centro de Eventos, CENTRO, JUQUIA [&#8230;]\r\n\t\t<\/div>\r\n\t\t<div class=\"cr-item-actions input\">\r\n\t\t\t<a class=\"cr-item-read-more button\" href=\"https:\/\/cronometa.com.br\/novo\/events\/01-09-2024-5a-corrida-e-caminhada-rustica-de-juquia-2024\/\">Mais Informa\u00e7\u00f5es<\/a>\r\n\t\t\t\r\n\t\t<\/div>\r\n\t<\/div>\r\n<\/div><div class=\"cr-event cr-item\" style=\"--default-border:#FFFFFF;\">\r\n\t<div class=\"cr-item-image \">\r\n\t\t\r\n\t\t<img src='https:\/\/cronometa.com.br\/novo\/wp-content\/uploads\/2024\/05\/Logo.jpg' alt='RESULTADO GERAL - 1\u00aa Corrida Pedestre Jacupiranga - 09\/06\/2024'\/>\r\n\t\t\r\n\t\t\r\n\t<\/div>\r\n\t<div class=\"cr-item-info\">\r\n\t\t<h3 class=\"cr-item-title\"><a href=\"https:\/\/cronometa.com.br\/novo\/events\/09-06-2024-1a-corrida-pedestre-jacupiranga\/\">RESULTADO GERAL &#8211; 1\u00aa Corrida Pedestre Jacupiranga &#8211; 09\/06\/2024<\/a><\/h3>\r\n\t\t<div class=\"cr-event-meta cr-item-meta\">\r\n\t\t\t<div class=\"cr-item-meta-line cr-event-date cr-event-meta-datetime\">\r\n\t\t\t\t<span class=\"cr-icon-calendar cr-icon\"><\/span>\r\n\t\t\t\t9 de junho de 2024\r\n\t\t\t<\/div>\r\n\t\t\t<!--div class=\"cr-item-meta-line cr-event-time cr-event-meta-datetime\">\r\n\t\t\t\t<span class=\"cr-icon-clock cr-icon\"><\/span>\r\n\t\t\t\t08:00 - 09:30\r\n\t\t\t<\/div-->\r\n\t\t\t\r\n\t\t\t\r\n\t\t\t\r\n\t\t\t\r\n\t\t\t<div class=\"cr-item-meta-line cr-item-taxonomy cr-event-categories\">\r\n\t\t\t\t<span class=\"cr-icon-tag cr-icon\"><\/span>\r\n\t\t\t\t\t<ul class=\"event-categories\">\n\t\t\t\t\t<li><a href=\"https:\/\/cronometa.com.br\/novo\/events\/categories\/corrida-de-rua\/\">Corrida de rua<\/a><\/li>\n\t\t\t<\/ul>\n\t\r\n\t\t\t<\/div>\r\n\t\t\t\r\n\t\t\t\r\n\t\t<\/div>\r\n\t\t<div class=\"cr-item-desc\">\r\n\t\t\t1\u00aa Corrida Pedestre Jacupiranga Fazendo Campe\u00f5es Local: Av. Jatob\u00e1 (em frente a Associa\u00e7\u00e3o de Moradores do Botujuru Mais Informa\u00e7\u00f5es e Inscri\u00e7\u00f5es com o Jeferson pelo [&#8230;]\r\n\t\t<\/div>\r\n\t\t<div class=\"cr-item-actions input\">\r\n\t\t\t<a class=\"cr-item-read-more button\" href=\"https:\/\/cronometa.com.br\/novo\/events\/09-06-2024-1a-corrida-pedestre-jacupiranga\/\">Mais Informa\u00e7\u00f5es<\/a>\r\n\t\t\t\r\n\t\t<\/div>\r\n\t<\/div>\r\n<\/div><div class=\"cr-event cr-item\" style=\"--default-border:#ffffff;\">\r\n\t<div class=\"cr-item-image \">\r\n\t\t\r\n\t\t<img src='https:\/\/cronometa.com.br\/novo\/wp-content\/uploads\/2024\/05\/347380875_907942003768487_5474365299841410013_n.jpg' alt='33\u00aa Corrida do Trabalhador - Cedro'\/>\r\n\t\t\r\n\t\t\r\n\t<\/div>\r\n\t<div class=\"cr-item-info\">\r\n\t\t<h3 class=\"cr-item-title\"><a href=\"https:\/\/cronometa.com.br\/novo\/events\/33a-corrida-do-trabalhador-cedro\/\">33\u00aa Corrida do Trabalhador &#8211; Cedro<\/a><\/h3>\r\n\t\t<div class=\"cr-event-meta cr-item-meta\">\r\n\t\t\t<div class=\"cr-item-meta-line cr-event-date cr-event-meta-datetime\">\r\n\t\t\t\t<span class=\"cr-icon-calendar cr-icon\"><\/span>\r\n\t\t\t\t1 de maio de 2024\r\n\t\t\t<\/div>\r\n\t\t\t<!--div class=\"cr-item-meta-line cr-event-time cr-event-meta-datetime\">\r\n\t\t\t\t<span class=\"cr-icon-clock cr-icon\"><\/span>\r\n\t\t\t\t08:15 - 10:00\r\n\t\t\t<\/div-->\r\n\t\t\t\r\n\t\t\t\r\n\t\t\t\r\n\t\t\t\r\n\t\t\t\r\n\t\t<\/div>\r\n\t\t<div class=\"cr-item-desc\">\r\n\t\t\t33\u00aa Corrida do Trabalhador &#8211; Cedro \/ SP Resultado Geral\r\n\t\t<\/div>\r\n\t\t<div class=\"cr-item-actions input\">\r\n\t\t\t<a class=\"cr-item-read-more button\" href=\"https:\/\/cronometa.com.br\/novo\/events\/33a-corrida-do-trabalhador-cedro\/\">Mais Informa\u00e7\u00f5es<\/a>\r\n\t\t\t\r\n\t\t<\/div>\r\n\t<\/div>\r\n<\/div><div class=\"cr-event cr-item\" style=\"--default-border:#FFFFFF;\">\r\n\t<div class=\"cr-item-image \">\r\n\t\t\r\n\t\t<img src='https:\/\/cronometa.com.br\/novo\/wp-content\/uploads\/2024\/03\/min_001-20240110.jpg' alt='01\/05\/2024 - 5\u00aa Corrida e Caminhada Maria dos Rem\u00e9dios'\/>\r\n\t\t\r\n\t\t\r\n\t<\/div>\r\n\t<div class=\"cr-item-info\">\r\n\t\t<h3 class=\"cr-item-title\"><a href=\"https:\/\/cronometa.com.br\/novo\/events\/01-05-2024-5a-corrida-e-caminhada-maria-dos-remedios\/\">01\/05\/2024 &#8211; 5\u00aa Corrida e Caminhada Maria dos Rem\u00e9dios<\/a><\/h3>\r\n\t\t<div class=\"cr-event-meta cr-item-meta\">\r\n\t\t\t<div class=\"cr-item-meta-line cr-event-date cr-event-meta-datetime\">\r\n\t\t\t\t<span class=\"cr-icon-calendar cr-icon\"><\/span>\r\n\t\t\t\t1 de maio de 2024\r\n\t\t\t<\/div>\r\n\t\t\t<!--div class=\"cr-item-meta-line cr-event-time cr-event-meta-datetime\">\r\n\t\t\t\t<span class=\"cr-icon-clock cr-icon\"><\/span>\r\n\t\t\t\t04:00 - 08:30\r\n\t\t\t<\/div-->\r\n\t\t\t\r\n\t\t\t\r\n\t\t\t\r\n\t\t\t\r\n\t\t\t<div class=\"cr-item-meta-line cr-item-taxonomy cr-event-categories\">\r\n\t\t\t\t<span class=\"cr-icon-tag cr-icon\"><\/span>\r\n\t\t\t\t\t<ul class=\"event-categories\">\n\t\t\t\t\t<li><a href=\"https:\/\/cronometa.com.br\/novo\/events\/categories\/corrida-de-rua\/\">Corrida de rua<\/a><\/li>\n\t\t\t<\/ul>\n\t\r\n\t\t\t<\/div>\r\n\t\t\t\r\n\t\t\t\r\n\t\t<\/div>\r\n\t\t<div class=\"cr-item-desc\">\r\n\t\t\tHOR\u00c1RIO PREVISTO DE LARGADA: 07h30 &nbsp; PREMIA\u00c7\u00c3O A prova ser\u00e1 disputada exclusivamente na categoria individual feminino e masculino, na qual cada atleta correr\u00e1 o percurso [&#8230;]\r\n\t\t<\/div>\r\n\t\t<div class=\"cr-item-actions input\">\r\n\t\t\t<a class=\"cr-item-read-more button\" href=\"https:\/\/cronometa.com.br\/novo\/events\/01-05-2024-5a-corrida-e-caminhada-maria-dos-remedios\/\">Mais Informa\u00e7\u00f5es<\/a>\r\n\t\t\t\r\n\t\t<\/div>\r\n\t<\/div>\r\n<\/div>\t<\/div>\n<\/div>\t\t\t\t\t\t<\/div>\n\t\t\t\t<\/div>\n\t\t\t\t\t<\/div>\n\t\t<\/div>\n\t\t\t\t\t\t\t<\/div>\n\t\t<\/section>\n\t\t\t\t\t\t\t<\/div>\n\t\t","protected":false},"excerpt":{"rendered":"","protected":false},"author":1,"featured_media":0,"parent":0,"menu_order":0,"comment_status":"closed","ping_status":"closed","template":"","meta":[],"acf":[],"_links":{"self":[{"href":"https:\/\/cronometa.com.br\/novo\/wp-json\/wp\/v2\/pages\/37"}],"collection":[{"href":"https:\/\/cronometa.com.br\/novo\/wp-json\/wp\/v2\/pages"}],"about":[{"href":"https:\/\/cronometa.com.br\/novo\/wp-json\/wp\/v2\/types\/page"}],"author":[{"embeddable":true,"href":"https:\/\/cronometa.com.br\/novo\/wp-json\/wp\/v2\/users\/1"}],"replies":[{"embeddable":true,"href":"https:\/\/cronometa.com.br\/novo\/wp-json\/wp\/v2\/comments?post=37"}],"version-history":[{"count":7,"href":"https:\/\/cronometa.com.br\/novo\/wp-json\/wp\/v2\/pages\/37\/revisions"}],"predecessor-version":[{"id":648,"href":"https:\/\/cronometa.com.br\/novo\/wp-json\/wp\/v2\/pages\/37\/revisions\/648"}],"wp:attachment":[{"href":"https:\/\/cronometa.com.br\/novo\/wp-json\/wp\/v2\/media?parent=37"}],"curies":[{"name":"wp","href":"https:\/\/api.w.org\/{rel}","templated":true}]}}